{"id":737,"date":"2022-03-21T11:39:36","date_gmt":"2022-03-21T10:39:36","guid":{"rendered":"http:\/\/lousalamon.fr\/?page_id=737"},"modified":"2026-02-23T11:32:42","modified_gmt":"2026-02-23T10:32:42","slug":"broderie-vitrail","status":"publish","type":"page","link":"https:\/\/lousalamon.fr\/?page_id=737","title":{"rendered":"Broderie vitrail"},"content":{"rendered":"\n<p>Command\u00e9e par un collectionneur d\u2019art, six mois m&#8217;avaient \u00e9t\u00e9 n\u00e9cessaires pour la cr\u00e9ation et la r\u00e9alisation de cette \u0153uvre.<br>La broderie filtre la lumi\u00e8re \u00e0 la mani\u00e8re d\u2019un vitrail, et tisse des liens entre f\u00e9minit\u00e9 et esth\u00e9tiques catholiques et musulmanes. Celle-ci interagit avec la lumi\u00e8re naturelle : certaines broderies du \u201cvitrail\u201d apparaissent avec la tomb\u00e9e de la nuit, et d\u2019autres se r\u00e9v\u00e8lent au regard lorsqu\u2019il fait jour.<\/p>\n\n\n\n<figure class=\"wp-block-gallery columns-1 is-cropped\"><ul class=\"blocks-gallery-grid\"><li class=\"blocks-gallery-item\"><figure><img loading=\"lazy\" width=\"1024\" height=\"891\" src=\"https:\/\/lousalamon.fr\/wp-content\/uploads\/2026\/02\/broderie-bleue-lumiere-corect-lumiere-et-jaune-1024x891.jpg\" alt=\"\" data-id=\"1540\" data-full-url=\"https:\/\/lousalamon.fr\/wp-content\/uploads\/2026\/02\/broderie-bleue-lumiere-corect-lumiere-et-jaune-scaled.jpg\" data-link=\"https:\/\/lousalamon.fr\/?attachment_id=1540\" class=\"wp-image-1540\" srcset=\"https:\/\/lousalamon.fr\/wp-content\/uploads\/2026\/02\/broderie-bleue-lumiere-corect-lumiere-et-jaune-1024x891.jpg 1024w, https:\/\/lousalamon.fr\/wp-content\/uploads\/2026\/02\/broderie-bleue-lumiere-corect-lumiere-et-jaune-300x261.jpg 300w, https:\/\/lousalamon.fr\/wp-content\/uploads\/2026\/02\/broderie-bleue-lumiere-corect-lumiere-et-jaune-768x668.jpg 768w, https:\/\/lousalamon.fr\/wp-content\/uploads\/2026\/02\/broderie-bleue-lumiere-corect-lumiere-et-jaune-1536x1337.jpg 1536w, https:\/\/lousalamon.fr\/wp-content\/uploads\/2026\/02\/broderie-bleue-lumiere-corect-lumiere-et-jaune-2048x1783.jpg 2048w, https:\/\/lousalamon.fr\/wp-content\/uploads\/2026\/02\/broderie-bleue-lumiere-corect-lumiere-et-jaune-1568x1365.jpg 1568w\" sizes=\"(max-width: 1024px) 100vw, 1024px\" \/><\/figure><\/li><\/ul><\/figure>\n\n\n\n<figure class=\"wp-block-gallery columns-1 is-cropped\"><ul class=\"blocks-gallery-grid\"><li class=\"blocks-gallery-item\"><figure><img loading=\"lazy\" width=\"1024\" height=\"683\" src=\"https:\/\/lousalamon.fr\/wp-content\/uploads\/2026\/02\/bleu-et-or-3-corretion-lumiere-1024x683.jpg\" alt=\"\" data-id=\"1533\" data-full-url=\"https:\/\/lousalamon.fr\/wp-content\/uploads\/2026\/02\/bleu-et-or-3-corretion-lumiere-scaled.jpg\" data-link=\"https:\/\/lousalamon.fr\/?attachment_id=1533\" class=\"wp-image-1533\" srcset=\"https:\/\/lousalamon.fr\/wp-content\/uploads\/2026\/02\/bleu-et-or-3-corretion-lumiere-1024x683.jpg 1024w, https:\/\/lousalamon.fr\/wp-content\/uploads\/2026\/02\/bleu-et-or-3-corretion-lumiere-300x200.jpg 300w, https:\/\/lousalamon.fr\/wp-content\/uploads\/2026\/02\/bleu-et-or-3-corretion-lumiere-768x512.jpg 768w, https:\/\/lousalamon.fr\/wp-content\/uploads\/2026\/02\/bleu-et-or-3-corretion-lumiere-1536x1024.jpg 1536w, https:\/\/lousalamon.fr\/wp-content\/uploads\/2026\/02\/bleu-et-or-3-corretion-lumiere-2048x1365.jpg 2048w, https:\/\/lousalamon.fr\/wp-content\/uploads\/2026\/02\/bleu-et-or-3-corretion-lumiere-1568x1045.jpg 1568w\" sizes=\"(max-width: 1024px) 100vw, 1024px\" \/><\/figure><\/li><\/ul><\/figure>\n\n\n\n<figure class=\"wp-block-gallery columns-1 is-cropped\"><ul class=\"blocks-gallery-grid\"><li class=\"blocks-gallery-item\"><figure><img loading=\"lazy\" width=\"1024\" height=\"636\" src=\"https:\/\/lousalamon.fr\/wp-content\/uploads\/2026\/02\/bleu-et-or-4-ombre-1024x636.jpg\" alt=\"\" data-id=\"1537\" data-full-url=\"https:\/\/lousalamon.fr\/wp-content\/uploads\/2026\/02\/bleu-et-or-4-ombre-scaled.jpg\" data-link=\"https:\/\/lousalamon.fr\/?attachment_id=1537\" class=\"wp-image-1537\" srcset=\"https:\/\/lousalamon.fr\/wp-content\/uploads\/2026\/02\/bleu-et-or-4-ombre-1024x636.jpg 1024w, https:\/\/lousalamon.fr\/wp-content\/uploads\/2026\/02\/bleu-et-or-4-ombre-300x186.jpg 300w, https:\/\/lousalamon.fr\/wp-content\/uploads\/2026\/02\/bleu-et-or-4-ombre-768x477.jpg 768w, https:\/\/lousalamon.fr\/wp-content\/uploads\/2026\/02\/bleu-et-or-4-ombre-1536x954.jpg 1536w, https:\/\/lousalamon.fr\/wp-content\/uploads\/2026\/02\/bleu-et-or-4-ombre-2048x1271.jpg 2048w, https:\/\/lousalamon.fr\/wp-content\/uploads\/2026\/02\/bleu-et-or-4-ombre-1568x973.jpg 1568w\" sizes=\"(max-width: 1024px) 100vw, 1024px\" \/><\/figure><\/li><\/ul><\/figure>\n\n\n\n<figure class=\"wp-block-gallery columns-1 is-cropped\"><ul class=\"blocks-gallery-grid\"><li class=\"blocks-gallery-item\"><figure><img loading=\"lazy\" width=\"1024\" height=\"683\" src=\"https:\/\/lousalamon.fr\/wp-content\/uploads\/2026\/02\/bleu-et-or-5-blueu-profond-1024x683.jpg\" alt=\"\" data-id=\"1538\" data-full-url=\"https:\/\/lousalamon.fr\/wp-content\/uploads\/2026\/02\/bleu-et-or-5-blueu-profond-scaled.jpg\" data-link=\"https:\/\/lousalamon.fr\/?attachment_id=1538\" class=\"wp-image-1538\" srcset=\"https:\/\/lousalamon.fr\/wp-content\/uploads\/2026\/02\/bleu-et-or-5-blueu-profond-1024x683.jpg 1024w, https:\/\/lousalamon.fr\/wp-content\/uploads\/2026\/02\/bleu-et-or-5-blueu-profond-300x200.jpg 300w, https:\/\/lousalamon.fr\/wp-content\/uploads\/2026\/02\/bleu-et-or-5-blueu-profond-768x512.jpg 768w, https:\/\/lousalamon.fr\/wp-content\/uploads\/2026\/02\/bleu-et-or-5-blueu-profond-1536x1024.jpg 1536w, https:\/\/lousalamon.fr\/wp-content\/uploads\/2026\/02\/bleu-et-or-5-blueu-profond-2048x1365.jpg 2048w, https:\/\/lousalamon.fr\/wp-content\/uploads\/2026\/02\/bleu-et-or-5-blueu-profond-1568x1045.jpg 1568w\" sizes=\"(max-width: 1024px) 100vw, 1024px\" \/><\/figure><\/li><\/ul><\/figure>\n\n\n\n<figure class=\"wp-block-gallery columns-1 is-cropped\"><ul class=\"blocks-gallery-grid\"><li class=\"blocks-gallery-item\"><figure><img loading=\"lazy\" width=\"964\" height=\"1024\" src=\"https:\/\/lousalamon.fr\/wp-content\/uploads\/2026\/02\/dore-crepuscule-details-lumiere-964x1024.jpg\" alt=\"\" data-id=\"1539\" data-full-url=\"https:\/\/lousalamon.fr\/wp-content\/uploads\/2026\/02\/dore-crepuscule-details-lumiere-scaled.jpg\" data-link=\"https:\/\/lousalamon.fr\/?attachment_id=1539\" class=\"wp-image-1539\" srcset=\"https:\/\/lousalamon.fr\/wp-content\/uploads\/2026\/02\/dore-crepuscule-details-lumiere-964x1024.jpg 964w, https:\/\/lousalamon.fr\/wp-content\/uploads\/2026\/02\/dore-crepuscule-details-lumiere-282x300.jpg 282w, https:\/\/lousalamon.fr\/wp-content\/uploads\/2026\/02\/dore-crepuscule-details-lumiere-768x816.jpg 768w, https:\/\/lousalamon.fr\/wp-content\/uploads\/2026\/02\/dore-crepuscule-details-lumiere-1446x1536.jpg 1446w, https:\/\/lousalamon.fr\/wp-content\/uploads\/2026\/02\/dore-crepuscule-details-lumiere-1928x2048.jpg 1928w, https:\/\/lousalamon.fr\/wp-content\/uploads\/2026\/02\/dore-crepuscule-details-lumiere-1568x1665.jpg 1568w\" sizes=\"(max-width: 964px) 100vw, 964px\" \/><\/figure><\/li><\/ul><\/figure>\n\n\n\n<figure class=\"wp-block-gallery columns-1 is-cropped\"><ul class=\"blocks-gallery-grid\"><li class=\"blocks-gallery-item\"><figure><img loading=\"lazy\" width=\"1024\" height=\"886\" src=\"https:\/\/lousalamon.fr\/wp-content\/uploads\/2026\/02\/bleu-de-jour-nouvelle-version-scintillance-1024x886.jpg\" alt=\"\" data-id=\"1534\" data-full-url=\"https:\/\/lousalamon.fr\/wp-content\/uploads\/2026\/02\/bleu-de-jour-nouvelle-version-scintillance-scaled.jpg\" data-link=\"https:\/\/lousalamon.fr\/?attachment_id=1534\" class=\"wp-image-1534\" srcset=\"https:\/\/lousalamon.fr\/wp-content\/uploads\/2026\/02\/bleu-de-jour-nouvelle-version-scintillance-1024x886.jpg 1024w, https:\/\/lousalamon.fr\/wp-content\/uploads\/2026\/02\/bleu-de-jour-nouvelle-version-scintillance-300x260.jpg 300w, https:\/\/lousalamon.fr\/wp-content\/uploads\/2026\/02\/bleu-de-jour-nouvelle-version-scintillance-768x664.jpg 768w, https:\/\/lousalamon.fr\/wp-content\/uploads\/2026\/02\/bleu-de-jour-nouvelle-version-scintillance-1536x1329.jpg 1536w, https:\/\/lousalamon.fr\/wp-content\/uploads\/2026\/02\/bleu-de-jour-nouvelle-version-scintillance-2048x1772.jpg 2048w, https:\/\/lousalamon.fr\/wp-content\/uploads\/2026\/02\/bleu-de-jour-nouvelle-version-scintillance-1568x1356.jpg 1568w\" sizes=\"(max-width: 1024px) 100vw, 1024px\" \/><\/figure><\/li><\/ul><\/figure>\n\n\n\n<figure class=\"wp-block-gallery columns-1 is-cropped\"><ul class=\"blocks-gallery-grid\"><li class=\"blocks-gallery-item\"><figure><img loading=\"lazy\" width=\"1024\" height=\"683\" src=\"https:\/\/lousalamon.fr\/wp-content\/uploads\/2026\/02\/broderie-bleue-2eme-partie-4-1024x683.jpg\" alt=\"\" data-id=\"1559\" data-full-url=\"https:\/\/lousalamon.fr\/wp-content\/uploads\/2026\/02\/broderie-bleue-2eme-partie-4-scaled.jpg\" data-link=\"https:\/\/lousalamon.fr\/?attachment_id=1559\" class=\"wp-image-1559\" srcset=\"https:\/\/lousalamon.fr\/wp-content\/uploads\/2026\/02\/broderie-bleue-2eme-partie-4-1024x683.jpg 1024w, https:\/\/lousalamon.fr\/wp-content\/uploads\/2026\/02\/broderie-bleue-2eme-partie-4-300x200.jpg 300w, https:\/\/lousalamon.fr\/wp-content\/uploads\/2026\/02\/broderie-bleue-2eme-partie-4-768x512.jpg 768w, https:\/\/lousalamon.fr\/wp-content\/uploads\/2026\/02\/broderie-bleue-2eme-partie-4-1536x1024.jpg 1536w, https:\/\/lousalamon.fr\/wp-content\/uploads\/2026\/02\/broderie-bleue-2eme-partie-4-2048x1365.jpg 2048w, https:\/\/lousalamon.fr\/wp-content\/uploads\/2026\/02\/broderie-bleue-2eme-partie-4-1568x1045.jpg 1568w\" sizes=\"(max-width: 1024px) 100vw, 1024px\" \/><\/figure><\/li><\/ul><\/figure>\n\n\n\n<figure class=\"wp-block-gallery columns-1 is-cropped\"><ul class=\"blocks-gallery-grid\"><li class=\"blocks-gallery-item\"><figure><img loading=\"lazy\" width=\"1024\" height=\"683\" src=\"http:\/\/lousalamon.fr\/wp-content\/uploads\/2023\/09\/broderie-bleue-2eme-partie--1024x683.jpg\" alt=\"\" data-id=\"941\" data-full-url=\"http:\/\/lousalamon.fr\/wp-content\/uploads\/2023\/09\/broderie-bleue-2eme-partie--scaled.jpg\" data-link=\"http:\/\/lousalamon.fr\/?attachment_id=941\" class=\"wp-image-941\" srcset=\"https:\/\/lousalamon.fr\/wp-content\/uploads\/2023\/09\/broderie-bleue-2eme-partie--1024x683.jpg 1024w, https:\/\/lousalamon.fr\/wp-content\/uploads\/2023\/09\/broderie-bleue-2eme-partie--300x200.jpg 300w, https:\/\/lousalamon.fr\/wp-content\/uploads\/2023\/09\/broderie-bleue-2eme-partie--768x512.jpg 768w, https:\/\/lousalamon.fr\/wp-content\/uploads\/2023\/09\/broderie-bleue-2eme-partie--1536x1024.jpg 1536w, https:\/\/lousalamon.fr\/wp-content\/uploads\/2023\/09\/broderie-bleue-2eme-partie--2048x1365.jpg 2048w, https:\/\/lousalamon.fr\/wp-content\/uploads\/2023\/09\/broderie-bleue-2eme-partie--1568x1045.jpg 1568w\" sizes=\"(max-width: 1024px) 100vw, 1024px\" \/><\/figure><\/li><\/ul><\/figure>\n\n\n\n<figure class=\"wp-block-gallery columns-2 is-cropped\"><ul class=\"blocks-gallery-grid\"><li class=\"blocks-gallery-item\"><figure><img loading=\"lazy\" width=\"1024\" height=\"683\" src=\"http:\/\/lousalamon.fr\/wp-content\/uploads\/2022\/03\/crepuscule-dor-1024x683.jpg\" alt=\"\" data-id=\"752\" data-link=\"http:\/\/lousalamon.fr\/?attachment_id=752\" class=\"wp-image-752\" srcset=\"https:\/\/lousalamon.fr\/wp-content\/uploads\/2022\/03\/crepuscule-dor-1024x683.jpg 1024w, https:\/\/lousalamon.fr\/wp-content\/uploads\/2022\/03\/crepuscule-dor-300x200.jpg 300w, https:\/\/lousalamon.fr\/wp-content\/uploads\/2022\/03\/crepuscule-dor-768x512.jpg 768w, https:\/\/lousalamon.fr\/wp-content\/uploads\/2022\/03\/crepuscule-dor-1536x1024.jpg 1536w, https:\/\/lousalamon.fr\/wp-content\/uploads\/2022\/03\/crepuscule-dor-2048x1365.jpg 2048w, https:\/\/lousalamon.fr\/wp-content\/uploads\/2022\/03\/crepuscule-dor-1568x1045.jpg 1568w\" sizes=\"(max-width: 1024px) 100vw, 1024px\" \/><\/figure><\/li><li class=\"blocks-gallery-item\"><figure><img loading=\"lazy\" width=\"1024\" height=\"683\" src=\"https:\/\/lousalamon.fr\/wp-content\/uploads\/2026\/02\/or-de-jour-jeux-contraste-1024x683.jpg\" alt=\"\" data-id=\"1541\" data-full-url=\"https:\/\/lousalamon.fr\/wp-content\/uploads\/2026\/02\/or-de-jour-jeux-contraste-scaled.jpg\" data-link=\"https:\/\/lousalamon.fr\/?attachment_id=1541\" class=\"wp-image-1541\" srcset=\"https:\/\/lousalamon.fr\/wp-content\/uploads\/2026\/02\/or-de-jour-jeux-contraste-1024x683.jpg 1024w, https:\/\/lousalamon.fr\/wp-content\/uploads\/2026\/02\/or-de-jour-jeux-contraste-300x200.jpg 300w, https:\/\/lousalamon.fr\/wp-content\/uploads\/2026\/02\/or-de-jour-jeux-contraste-768x512.jpg 768w, https:\/\/lousalamon.fr\/wp-content\/uploads\/2026\/02\/or-de-jour-jeux-contraste-1536x1024.jpg 1536w, https:\/\/lousalamon.fr\/wp-content\/uploads\/2026\/02\/or-de-jour-jeux-contraste-2048x1365.jpg 2048w, https:\/\/lousalamon.fr\/wp-content\/uploads\/2026\/02\/or-de-jour-jeux-contraste-1568x1045.jpg 1568w\" sizes=\"(max-width: 1024px) 100vw, 1024px\" \/><\/figure><\/li><\/ul><\/figure>\n\n\n\n<figure class=\"wp-block-gallery columns-1 is-cropped\"><ul class=\"blocks-gallery-grid\"><li class=\"blocks-gallery-item\"><figure><img loading=\"lazy\" width=\"1024\" height=\"929\" src=\"https:\/\/lousalamon.fr\/wp-content\/uploads\/2026\/02\/borderie-sur-fond-ecru-lumiere-et-couleur-1024x929.jpg\" alt=\"\" data-id=\"1535\" data-full-url=\"https:\/\/lousalamon.fr\/wp-content\/uploads\/2026\/02\/borderie-sur-fond-ecru-lumiere-et-couleur-scaled.jpg\" data-link=\"https:\/\/lousalamon.fr\/?attachment_id=1535\" class=\"wp-image-1535\" srcset=\"https:\/\/lousalamon.fr\/wp-content\/uploads\/2026\/02\/borderie-sur-fond-ecru-lumiere-et-couleur-1024x929.jpg 1024w, https:\/\/lousalamon.fr\/wp-content\/uploads\/2026\/02\/borderie-sur-fond-ecru-lumiere-et-couleur-300x272.jpg 300w, https:\/\/lousalamon.fr\/wp-content\/uploads\/2026\/02\/borderie-sur-fond-ecru-lumiere-et-couleur-768x697.jpg 768w, https:\/\/lousalamon.fr\/wp-content\/uploads\/2026\/02\/borderie-sur-fond-ecru-lumiere-et-couleur-1536x1393.jpg 1536w, https:\/\/lousalamon.fr\/wp-content\/uploads\/2026\/02\/borderie-sur-fond-ecru-lumiere-et-couleur-2048x1857.jpg 2048w, https:\/\/lousalamon.fr\/wp-content\/uploads\/2026\/02\/borderie-sur-fond-ecru-lumiere-et-couleur-1568x1422.jpg 1568w\" sizes=\"(max-width: 1024px) 100vw, 1024px\" \/><\/figure><\/li><\/ul><\/figure>\n\n\n\n<figure class=\"wp-block-gallery columns-1 is-cropped\"><ul class=\"blocks-gallery-grid\"><li class=\"blocks-gallery-item\"><figure><img loading=\"lazy\" width=\"1024\" height=\"683\" src=\"https:\/\/lousalamon.fr\/wp-content\/uploads\/2026\/02\/broderie-jaune-partielle-modifie-jaune-intense-1024x683.jpg\" alt=\"\" data-id=\"1544\" data-full-url=\"https:\/\/lousalamon.fr\/wp-content\/uploads\/2026\/02\/broderie-jaune-partielle-modifie-jaune-intense-scaled.jpg\" data-link=\"https:\/\/lousalamon.fr\/?attachment_id=1544\" class=\"wp-image-1544\" srcset=\"https:\/\/lousalamon.fr\/wp-content\/uploads\/2026\/02\/broderie-jaune-partielle-modifie-jaune-intense-1024x683.jpg 1024w, https:\/\/lousalamon.fr\/wp-content\/uploads\/2026\/02\/broderie-jaune-partielle-modifie-jaune-intense-300x200.jpg 300w, https:\/\/lousalamon.fr\/wp-content\/uploads\/2026\/02\/broderie-jaune-partielle-modifie-jaune-intense-768x512.jpg 768w, https:\/\/lousalamon.fr\/wp-content\/uploads\/2026\/02\/broderie-jaune-partielle-modifie-jaune-intense-1536x1024.jpg 1536w, https:\/\/lousalamon.fr\/wp-content\/uploads\/2026\/02\/broderie-jaune-partielle-modifie-jaune-intense-2048x1365.jpg 2048w, https:\/\/lousalamon.fr\/wp-content\/uploads\/2026\/02\/broderie-jaune-partielle-modifie-jaune-intense-1568x1045.jpg 1568w\" sizes=\"(max-width: 1024px) 100vw, 1024px\" \/><\/figure><\/li><\/ul><\/figure>\n\n\n\n<figure class=\"wp-block-gallery columns-2 is-cropped\"><ul class=\"blocks-gallery-grid\"><li class=\"blocks-gallery-item\"><figure><img loading=\"lazy\" width=\"1024\" height=\"683\" src=\"https:\/\/lousalamon.fr\/wp-content\/uploads\/2026\/02\/feuille-jaune-saturation-1-1024x683.jpg\" alt=\"\" data-id=\"1545\" data-link=\"https:\/\/lousalamon.fr\/?attachment_id=1545\" class=\"wp-image-1545\" srcset=\"https:\/\/lousalamon.fr\/wp-content\/uploads\/2026\/02\/feuille-jaune-saturation-1-1024x683.jpg 1024w, https:\/\/lousalamon.fr\/wp-content\/uploads\/2026\/02\/feuille-jaune-saturation-1-300x200.jpg 300w, https:\/\/lousalamon.fr\/wp-content\/uploads\/2026\/02\/feuille-jaune-saturation-1-768x512.jpg 768w, https:\/\/lousalamon.fr\/wp-content\/uploads\/2026\/02\/feuille-jaune-saturation-1-1536x1024.jpg 1536w, https:\/\/lousalamon.fr\/wp-content\/uploads\/2026\/02\/feuille-jaune-saturation-1-2048x1365.jpg 2048w, https:\/\/lousalamon.fr\/wp-content\/uploads\/2026\/02\/feuille-jaune-saturation-1-1568x1045.jpg 1568w\" sizes=\"(max-width: 1024px) 100vw, 1024px\" \/><\/figure><\/li><li class=\"blocks-gallery-item\"><figure><img loading=\"lazy\" width=\"735\" height=\"1024\" src=\"https:\/\/lousalamon.fr\/wp-content\/uploads\/2026\/02\/fils-dores-4-lumiere-couleur-1-735x1024.jpg\" alt=\"\" data-id=\"1546\" data-full-url=\"https:\/\/lousalamon.fr\/wp-content\/uploads\/2026\/02\/fils-dores-4-lumiere-couleur-1-scaled.jpg\" data-link=\"https:\/\/lousalamon.fr\/?attachment_id=1546\" class=\"wp-image-1546\" srcset=\"https:\/\/lousalamon.fr\/wp-content\/uploads\/2026\/02\/fils-dores-4-lumiere-couleur-1-735x1024.jpg 735w, https:\/\/lousalamon.fr\/wp-content\/uploads\/2026\/02\/fils-dores-4-lumiere-couleur-1-215x300.jpg 215w, https:\/\/lousalamon.fr\/wp-content\/uploads\/2026\/02\/fils-dores-4-lumiere-couleur-1-768x1070.jpg 768w, https:\/\/lousalamon.fr\/wp-content\/uploads\/2026\/02\/fils-dores-4-lumiere-couleur-1-1103x1536.jpg 1103w, https:\/\/lousalamon.fr\/wp-content\/uploads\/2026\/02\/fils-dores-4-lumiere-couleur-1-1471x2048.jpg 1471w, https:\/\/lousalamon.fr\/wp-content\/uploads\/2026\/02\/fils-dores-4-lumiere-couleur-1-1568x2184.jpg 1568w, https:\/\/lousalamon.fr\/wp-content\/uploads\/2026\/02\/fils-dores-4-lumiere-couleur-1-scaled.jpg 1838w\" sizes=\"(max-width: 735px) 100vw, 735px\" \/><\/figure><\/li><\/ul><\/figure>\n\n\n\n<figure class=\"wp-block-gallery columns-1 is-cropped\"><ul class=\"blocks-gallery-grid\"><li class=\"blocks-gallery-item\"><figure><img loading=\"lazy\" width=\"1024\" height=\"683\" src=\"https:\/\/lousalamon.fr\/wp-content\/uploads\/2026\/02\/broderie-de-biais-lumiere-et-saturation-1024x683.jpg\" alt=\"\" data-id=\"1548\" data-full-url=\"https:\/\/lousalamon.fr\/wp-content\/uploads\/2026\/02\/broderie-de-biais-lumiere-et-saturation-scaled.jpg\" data-link=\"https:\/\/lousalamon.fr\/?attachment_id=1548\" class=\"wp-image-1548\" srcset=\"https:\/\/lousalamon.fr\/wp-content\/uploads\/2026\/02\/broderie-de-biais-lumiere-et-saturation-1024x683.jpg 1024w, https:\/\/lousalamon.fr\/wp-content\/uploads\/2026\/02\/broderie-de-biais-lumiere-et-saturation-300x200.jpg 300w, https:\/\/lousalamon.fr\/wp-content\/uploads\/2026\/02\/broderie-de-biais-lumiere-et-saturation-768x512.jpg 768w, https:\/\/lousalamon.fr\/wp-content\/uploads\/2026\/02\/broderie-de-biais-lumiere-et-saturation-1536x1024.jpg 1536w, https:\/\/lousalamon.fr\/wp-content\/uploads\/2026\/02\/broderie-de-biais-lumiere-et-saturation-2048x1365.jpg 2048w, https:\/\/lousalamon.fr\/wp-content\/uploads\/2026\/02\/broderie-de-biais-lumiere-et-saturation-1568x1045.jpg 1568w\" sizes=\"(max-width: 1024px) 100vw, 1024px\" \/><\/figure><\/li><\/ul><\/figure>\n\n\n\n<figure class=\"wp-block-gallery columns-1 is-cropped\"><ul class=\"blocks-gallery-grid\"><li class=\"blocks-gallery-item\"><figure><img loading=\"lazy\" width=\"1024\" height=\"683\" src=\"https:\/\/lousalamon.fr\/wp-content\/uploads\/2026\/02\/broderie-haut-lumiere-1024x683.jpg\" alt=\"\" data-id=\"1549\" data-full-url=\"https:\/\/lousalamon.fr\/wp-content\/uploads\/2026\/02\/broderie-haut-lumiere-scaled.jpg\" data-link=\"https:\/\/lousalamon.fr\/?attachment_id=1549\" class=\"wp-image-1549\" srcset=\"https:\/\/lousalamon.fr\/wp-content\/uploads\/2026\/02\/broderie-haut-lumiere-1024x683.jpg 1024w, https:\/\/lousalamon.fr\/wp-content\/uploads\/2026\/02\/broderie-haut-lumiere-300x200.jpg 300w, https:\/\/lousalamon.fr\/wp-content\/uploads\/2026\/02\/broderie-haut-lumiere-768x512.jpg 768w, https:\/\/lousalamon.fr\/wp-content\/uploads\/2026\/02\/broderie-haut-lumiere-1536x1024.jpg 1536w, https:\/\/lousalamon.fr\/wp-content\/uploads\/2026\/02\/broderie-haut-lumiere-2048x1365.jpg 2048w, https:\/\/lousalamon.fr\/wp-content\/uploads\/2026\/02\/broderie-haut-lumiere-1568x1045.jpg 1568w\" sizes=\"(max-width: 1024px) 100vw, 1024px\" \/><\/figure><\/li><\/ul><\/figure>\n\n\n\n<figure class=\"wp-block-gallery columns-1 is-cropped\"><ul class=\"blocks-gallery-grid\"><li class=\"blocks-gallery-item\"><figure><img loading=\"lazy\" width=\"1024\" height=\"683\" src=\"https:\/\/lousalamon.fr\/wp-content\/uploads\/2026\/02\/broderie-de-biais-3-correction-lumiere-1024x683.jpg\" alt=\"\" data-id=\"1550\" data-full-url=\"https:\/\/lousalamon.fr\/wp-content\/uploads\/2026\/02\/broderie-de-biais-3-correction-lumiere-scaled.jpg\" data-link=\"https:\/\/lousalamon.fr\/?attachment_id=1550\" class=\"wp-image-1550\" srcset=\"https:\/\/lousalamon.fr\/wp-content\/uploads\/2026\/02\/broderie-de-biais-3-correction-lumiere-1024x683.jpg 1024w, https:\/\/lousalamon.fr\/wp-content\/uploads\/2026\/02\/broderie-de-biais-3-correction-lumiere-300x200.jpg 300w, https:\/\/lousalamon.fr\/wp-content\/uploads\/2026\/02\/broderie-de-biais-3-correction-lumiere-768x512.jpg 768w, https:\/\/lousalamon.fr\/wp-content\/uploads\/2026\/02\/broderie-de-biais-3-correction-lumiere-1536x1024.jpg 1536w, https:\/\/lousalamon.fr\/wp-content\/uploads\/2026\/02\/broderie-de-biais-3-correction-lumiere-2048x1365.jpg 2048w, https:\/\/lousalamon.fr\/wp-content\/uploads\/2026\/02\/broderie-de-biais-3-correction-lumiere-1568x1045.jpg 1568w\" sizes=\"(max-width: 1024px) 100vw, 1024px\" \/><\/figure><\/li><\/ul><\/figure>\n\n\n\n<figure class=\"wp-block-gallery columns-1 is-cropped\"><ul class=\"blocks-gallery-grid\"><li class=\"blocks-gallery-item\"><figure><img loading=\"lazy\" width=\"1024\" height=\"683\" src=\"https:\/\/lousalamon.fr\/wp-content\/uploads\/2026\/02\/broderie-de-biais-2-modification-luminausite-1024x683.jpg\" alt=\"\" data-id=\"1551\" data-full-url=\"https:\/\/lousalamon.fr\/wp-content\/uploads\/2026\/02\/broderie-de-biais-2-modification-luminausite-scaled.jpg\" data-link=\"https:\/\/lousalamon.fr\/?attachment_id=1551\" class=\"wp-image-1551\" srcset=\"https:\/\/lousalamon.fr\/wp-content\/uploads\/2026\/02\/broderie-de-biais-2-modification-luminausite-1024x683.jpg 1024w, https:\/\/lousalamon.fr\/wp-content\/uploads\/2026\/02\/broderie-de-biais-2-modification-luminausite-300x200.jpg 300w, https:\/\/lousalamon.fr\/wp-content\/uploads\/2026\/02\/broderie-de-biais-2-modification-luminausite-768x512.jpg 768w, https:\/\/lousalamon.fr\/wp-content\/uploads\/2026\/02\/broderie-de-biais-2-modification-luminausite-1536x1024.jpg 1536w, https:\/\/lousalamon.fr\/wp-content\/uploads\/2026\/02\/broderie-de-biais-2-modification-luminausite-2048x1365.jpg 2048w, https:\/\/lousalamon.fr\/wp-content\/uploads\/2026\/02\/broderie-de-biais-2-modification-luminausite-1568x1045.jpg 1568w\" sizes=\"(max-width: 1024px) 100vw, 1024px\" \/><\/figure><\/li><\/ul><\/figure>\n\n\n\n<figure class=\"wp-block-gallery columns-1 is-cropped\"><ul class=\"blocks-gallery-grid\"><li class=\"blocks-gallery-item\"><figure><img loading=\"lazy\" width=\"887\" height=\"1024\" src=\"https:\/\/lousalamon.fr\/wp-content\/uploads\/2026\/02\/broderie-en-entiere-de-jour-correction-lumino-887x1024.jpg\" alt=\"\" data-id=\"1553\" data-full-url=\"https:\/\/lousalamon.fr\/wp-content\/uploads\/2026\/02\/broderie-en-entiere-de-jour-correction-lumino-scaled.jpg\" data-link=\"https:\/\/lousalamon.fr\/?attachment_id=1553\" class=\"wp-image-1553\" srcset=\"https:\/\/lousalamon.fr\/wp-content\/uploads\/2026\/02\/broderie-en-entiere-de-jour-correction-lumino-887x1024.jpg 887w, https:\/\/lousalamon.fr\/wp-content\/uploads\/2026\/02\/broderie-en-entiere-de-jour-correction-lumino-260x300.jpg 260w, https:\/\/lousalamon.fr\/wp-content\/uploads\/2026\/02\/broderie-en-entiere-de-jour-correction-lumino-768x886.jpg 768w, https:\/\/lousalamon.fr\/wp-content\/uploads\/2026\/02\/broderie-en-entiere-de-jour-correction-lumino-1331x1536.jpg 1331w, https:\/\/lousalamon.fr\/wp-content\/uploads\/2026\/02\/broderie-en-entiere-de-jour-correction-lumino-1775x2048.jpg 1775w, https:\/\/lousalamon.fr\/wp-content\/uploads\/2026\/02\/broderie-en-entiere-de-jour-correction-lumino-1568x1810.jpg 1568w\" sizes=\"(max-width: 887px) 100vw, 887px\" \/><\/figure><\/li><\/ul><figcaption class=\"blocks-gallery-caption\"> <em><strong>Broderie-Vitrail, Claire de jour<\/strong>, 4m x 2,50m, 2022, \u0153uvre r\u00e9alis\u00e9e pour un collectionneur d&#8217;art, broderie au crochet de Lun\u00e9ville et \u00e0 l&#8217;aiguille, perles de verre et lin <\/em> <\/figcaption><\/figure>\n\n\n\n<p>      <\/p>\n","protected":false},"excerpt":{"rendered":"<p>Command\u00e9e par un collectionneur d\u2019art, six mois m&#8217;avaient \u00e9t\u00e9 n\u00e9cessaires pour la cr\u00e9ation et la r\u00e9alisation de cette \u0153uvre.La broderie filtre la lumi\u00e8re \u00e0 la mani\u00e8re d\u2019un vitrail, et tisse des liens entre f\u00e9minit\u00e9 et esth\u00e9tiques catholiques et musulmanes. Celle-ci interagit avec la lumi\u00e8re naturelle : certaines broderies du \u201cvitrail\u201d apparaissent avec la tomb\u00e9e de [&hellip;]<\/p>\n","protected":false},"author":1,"featured_media":0,"parent":0,"menu_order":0,"comment_status":"closed","ping_status":"closed","template":"","meta":[],"_links":{"self":[{"href":"https:\/\/lousalamon.fr\/index.php?rest_route=\/wp\/v2\/pages\/737"}],"collection":[{"href":"https:\/\/lousalamon.fr\/index.php?rest_route=\/wp\/v2\/pages"}],"about":[{"href":"https:\/\/lousalamon.fr\/index.php?rest_route=\/wp\/v2\/types\/page"}],"author":[{"embeddable":true,"href":"https:\/\/lousalamon.fr\/index.php?rest_route=\/wp\/v2\/users\/1"}],"replies":[{"embeddable":true,"href":"https:\/\/lousalamon.fr\/index.php?rest_route=%2Fwp%2Fv2%2Fcomments&post=737"}],"version-history":[{"count":28,"href":"https:\/\/lousalamon.fr\/index.php?rest_route=\/wp\/v2\/pages\/737\/revisions"}],"predecessor-version":[{"id":1560,"href":"https:\/\/lousalamon.fr\/index.php?rest_route=\/wp\/v2\/pages\/737\/revisions\/1560"}],"wp:attachment":[{"href":"https:\/\/lousalamon.fr\/index.php?rest_route=%2Fwp%2Fv2%2Fmedia&parent=737"}],"curies":[{"name":"wp","href":"https:\/\/api.w.org\/{rel}","templated":true}]}}