{"id":330,"date":"2020-04-16T16:52:15","date_gmt":"2020-04-16T14:52:15","guid":{"rendered":"http:\/\/lousalamon.fr\/?page_id=330"},"modified":"2026-02-25T15:28:02","modified_gmt":"2026-02-25T14:28:02","slug":"lou-salamon-artiste-brodeuse","status":"publish","type":"page","link":"https:\/\/lousalamon.fr\/","title":{"rendered":"Lou Salamon, artiste et brodeuse"},"content":{"rendered":"\n<figure class=\"wp-block-gallery columns-1 is-cropped\"><ul class=\"blocks-gallery-grid\"><li class=\"blocks-gallery-item\"><figure><img loading=\"lazy\" width=\"1024\" height=\"863\" src=\"https:\/\/lousalamon.fr\/wp-content\/uploads\/2026\/02\/Broderie-vitrail-Blessure-devenant-lumiere-2m22-x-80-cm-details-du-motif-central-3-1024x863.jpg\" alt=\"\" data-id=\"1526\" data-full-url=\"https:\/\/lousalamon.fr\/wp-content\/uploads\/2026\/02\/Broderie-vitrail-Blessure-devenant-lumiere-2m22-x-80-cm-details-du-motif-central-3-scaled.jpg\" data-link=\"https:\/\/lousalamon.fr\/?attachment_id=1526\" class=\"wp-image-1526\" srcset=\"https:\/\/lousalamon.fr\/wp-content\/uploads\/2026\/02\/Broderie-vitrail-Blessure-devenant-lumiere-2m22-x-80-cm-details-du-motif-central-3-1024x863.jpg 1024w, https:\/\/lousalamon.fr\/wp-content\/uploads\/2026\/02\/Broderie-vitrail-Blessure-devenant-lumiere-2m22-x-80-cm-details-du-motif-central-3-300x253.jpg 300w, https:\/\/lousalamon.fr\/wp-content\/uploads\/2026\/02\/Broderie-vitrail-Blessure-devenant-lumiere-2m22-x-80-cm-details-du-motif-central-3-768x647.jpg 768w, https:\/\/lousalamon.fr\/wp-content\/uploads\/2026\/02\/Broderie-vitrail-Blessure-devenant-lumiere-2m22-x-80-cm-details-du-motif-central-3-1536x1295.jpg 1536w, https:\/\/lousalamon.fr\/wp-content\/uploads\/2026\/02\/Broderie-vitrail-Blessure-devenant-lumiere-2m22-x-80-cm-details-du-motif-central-3-2048x1726.jpg 2048w, https:\/\/lousalamon.fr\/wp-content\/uploads\/2026\/02\/Broderie-vitrail-Blessure-devenant-lumiere-2m22-x-80-cm-details-du-motif-central-3-1568x1322.jpg 1568w\" sizes=\"(max-width: 1024px) 100vw, 1024px\" \/><\/figure><\/li><\/ul><figcaption class=\"blocks-gallery-caption\"> <em>Broderie-vitrail, Blessure devenant lumi\u00e8re<\/em>, 2m22 x 80 cm, 2023, broderie de Lun\u00e9ville <\/figcaption><\/figure>\n\n\n\n<p>Artiste, en effet je cr\u00e9e des \u0153uvres d&#8217;art pour des collectionneurs, des mus\u00e9es, des expositions en galeries, et par n\u00e9cessit\u00e9 int\u00e9rieure. <\/p>\n\n\n\n<p>Designer textile, parce qu&#8217;\u00e0 partir de mes \u0153uvres, j&#8217;ai la possibilit\u00e9 d&#8217;\u00e9laborer des designs adapt\u00e9s \u00e0 des marques haut de gamme et de Haute Couture : cr\u00e9ation de motifs, mati\u00e8res, bijoux&#8230; <\/p>\n\n\n\n<p>Brodeuse, en effet mon savoir-faire technique, nourri par des milliers d&#8217;heures de pratique peut \u00eatre mis au service de restaurations d&#8217;art, ainsi que de la concr\u00e9tisation de toutes id\u00e9es de pi\u00e8ces uniques et d&#8217;exception. Mes \u0153uvres d&#8217;art m&#8217;ont permis d&#8217;explorer des points anciens, historiques, et aussi d&#8217;inventer des points nouveaux. <\/p>\n\n\n\n<p>Le dialogue est constant : entre univers int\u00e9rieurs, intimes, et d\u00e9couvertes des univers des autres. Car l&#8217;art, c&#8217;est aussi \u00e9couter le monde, les mondes et leur diversit\u00e9&#8230;<\/p>\n\n\n\n<figure class=\"wp-block-gallery columns-1 is-cropped\"><ul class=\"blocks-gallery-grid\"><li class=\"blocks-gallery-item\"><figure><img loading=\"lazy\" width=\"728\" height=\"1024\" src=\"https:\/\/lousalamon.fr\/wp-content\/uploads\/2025\/12\/affiche-de-lexposition-Eau-et-Lumiere-728x1024.png\" alt=\"\" data-id=\"1290\" data-full-url=\"https:\/\/lousalamon.fr\/wp-content\/uploads\/2025\/12\/affiche-de-lexposition-Eau-et-Lumiere.png\" data-link=\"https:\/\/lousalamon.fr\/?attachment_id=1290\" class=\"wp-image-1290\" srcset=\"https:\/\/lousalamon.fr\/wp-content\/uploads\/2025\/12\/affiche-de-lexposition-Eau-et-Lumiere-728x1024.png 728w, https:\/\/lousalamon.fr\/wp-content\/uploads\/2025\/12\/affiche-de-lexposition-Eau-et-Lumiere-213x300.png 213w, https:\/\/lousalamon.fr\/wp-content\/uploads\/2025\/12\/affiche-de-lexposition-Eau-et-Lumiere-768x1080.png 768w, https:\/\/lousalamon.fr\/wp-content\/uploads\/2025\/12\/affiche-de-lexposition-Eau-et-Lumiere-1092x1536.png 1092w, https:\/\/lousalamon.fr\/wp-content\/uploads\/2025\/12\/affiche-de-lexposition-Eau-et-Lumiere.png 1422w\" sizes=\"(max-width: 728px) 100vw, 728px\" \/><\/figure><\/li><\/ul><\/figure>\n\n\n\n<p>Voici un lien vers le site de la galerie : <\/p>\n\n\n\n<p><a href=\"https:\/\/www.catherinepennec.com\/fr\/artistes\/lou-salamon\/\">https:\/\/www.catherinepennec.com\/fr\/artistes\/lou-salamon\/<\/a><\/p>\n\n\n\n<figure class=\"wp-block-gallery columns-2 is-cropped\"><ul class=\"blocks-gallery-grid\"><li class=\"blocks-gallery-item\"><figure><img loading=\"lazy\" width=\"683\" height=\"1024\" src=\"https:\/\/lousalamon.fr\/wp-content\/uploads\/2025\/12\/Ondines-683x1024.jpg\" alt=\"\" data-id=\"1294\" data-link=\"https:\/\/lousalamon.fr\/?attachment_id=1294\" class=\"wp-image-1294\" srcset=\"https:\/\/lousalamon.fr\/wp-content\/uploads\/2025\/12\/Ondines-683x1024.jpg 683w, https:\/\/lousalamon.fr\/wp-content\/uploads\/2025\/12\/Ondines-200x300.jpg 200w, https:\/\/lousalamon.fr\/wp-content\/uploads\/2025\/12\/Ondines-768x1152.jpg 768w, https:\/\/lousalamon.fr\/wp-content\/uploads\/2025\/12\/Ondines-1024x1536.jpg 1024w, https:\/\/lousalamon.fr\/wp-content\/uploads\/2025\/12\/Ondines-1365x2048.jpg 1365w, https:\/\/lousalamon.fr\/wp-content\/uploads\/2025\/12\/Ondines-1568x2352.jpg 1568w, https:\/\/lousalamon.fr\/wp-content\/uploads\/2025\/12\/Ondines-scaled.jpg 1707w\" sizes=\"(max-width: 683px) 100vw, 683px\" \/><\/figure><\/li><li class=\"blocks-gallery-item\"><figure><img loading=\"lazy\" width=\"683\" height=\"1024\" src=\"https:\/\/lousalamon.fr\/wp-content\/uploads\/2025\/12\/animal-lumineux-details-saturation-couleur-rotation-683x1024.jpg\" alt=\"\" data-id=\"1297\" data-full-url=\"https:\/\/lousalamon.fr\/wp-content\/uploads\/2025\/12\/animal-lumineux-details-saturation-couleur-rotation-scaled.jpg\" data-link=\"https:\/\/lousalamon.fr\/?attachment_id=1297\" class=\"wp-image-1297\" srcset=\"https:\/\/lousalamon.fr\/wp-content\/uploads\/2025\/12\/animal-lumineux-details-saturation-couleur-rotation-683x1024.jpg 683w, https:\/\/lousalamon.fr\/wp-content\/uploads\/2025\/12\/animal-lumineux-details-saturation-couleur-rotation-200x300.jpg 200w, https:\/\/lousalamon.fr\/wp-content\/uploads\/2025\/12\/animal-lumineux-details-saturation-couleur-rotation-768x1152.jpg 768w, https:\/\/lousalamon.fr\/wp-content\/uploads\/2025\/12\/animal-lumineux-details-saturation-couleur-rotation-1024x1536.jpg 1024w, https:\/\/lousalamon.fr\/wp-content\/uploads\/2025\/12\/animal-lumineux-details-saturation-couleur-rotation-1365x2048.jpg 1365w, https:\/\/lousalamon.fr\/wp-content\/uploads\/2025\/12\/animal-lumineux-details-saturation-couleur-rotation-1568x2352.jpg 1568w, https:\/\/lousalamon.fr\/wp-content\/uploads\/2025\/12\/animal-lumineux-details-saturation-couleur-rotation-scaled.jpg 1707w\" sizes=\"(max-width: 683px) 100vw, 683px\" \/><\/figure><\/li><\/ul><\/figure>\n\n\n\n<figure class=\"wp-block-gallery columns-2 is-cropped\"><ul class=\"blocks-gallery-grid\"><li class=\"blocks-gallery-item\"><figure><img loading=\"lazy\" width=\"683\" height=\"1024\" src=\"https:\/\/lousalamon.fr\/wp-content\/uploads\/2025\/12\/dessins-portrait-1-683x1024.jpg\" alt=\"\" data-id=\"1308\" data-link=\"https:\/\/lousalamon.fr\/?attachment_id=1308\" class=\"wp-image-1308\" srcset=\"https:\/\/lousalamon.fr\/wp-content\/uploads\/2025\/12\/dessins-portrait-1-683x1024.jpg 683w, https:\/\/lousalamon.fr\/wp-content\/uploads\/2025\/12\/dessins-portrait-1-200x300.jpg 200w, https:\/\/lousalamon.fr\/wp-content\/uploads\/2025\/12\/dessins-portrait-1-768x1152.jpg 768w, https:\/\/lousalamon.fr\/wp-content\/uploads\/2025\/12\/dessins-portrait-1-1024x1536.jpg 1024w, https:\/\/lousalamon.fr\/wp-content\/uploads\/2025\/12\/dessins-portrait-1-1365x2048.jpg 1365w, https:\/\/lousalamon.fr\/wp-content\/uploads\/2025\/12\/dessins-portrait-1-1568x2352.jpg 1568w, https:\/\/lousalamon.fr\/wp-content\/uploads\/2025\/12\/dessins-portrait-1-scaled.jpg 1707w\" sizes=\"(max-width: 683px) 100vw, 683px\" \/><\/figure><\/li><li class=\"blocks-gallery-item\"><figure><img loading=\"lazy\" width=\"668\" height=\"1024\" src=\"https:\/\/lousalamon.fr\/wp-content\/uploads\/2025\/12\/dentelle-format-entier-correction-Kevin-1-668x1024.jpg\" alt=\"\" data-id=\"1394\" data-full-url=\"https:\/\/lousalamon.fr\/wp-content\/uploads\/2025\/12\/dentelle-format-entier-correction-Kevin-1-scaled.jpg\" data-link=\"https:\/\/lousalamon.fr\/?attachment_id=1394\" class=\"wp-image-1394\" srcset=\"https:\/\/lousalamon.fr\/wp-content\/uploads\/2025\/12\/dentelle-format-entier-correction-Kevin-1-668x1024.jpg 668w, https:\/\/lousalamon.fr\/wp-content\/uploads\/2025\/12\/dentelle-format-entier-correction-Kevin-1-196x300.jpg 196w, https:\/\/lousalamon.fr\/wp-content\/uploads\/2025\/12\/dentelle-format-entier-correction-Kevin-1-768x1177.jpg 768w, https:\/\/lousalamon.fr\/wp-content\/uploads\/2025\/12\/dentelle-format-entier-correction-Kevin-1-1002x1536.jpg 1002w, https:\/\/lousalamon.fr\/wp-content\/uploads\/2025\/12\/dentelle-format-entier-correction-Kevin-1-1336x2048.jpg 1336w, https:\/\/lousalamon.fr\/wp-content\/uploads\/2025\/12\/dentelle-format-entier-correction-Kevin-1-1568x2404.jpg 1568w, https:\/\/lousalamon.fr\/wp-content\/uploads\/2025\/12\/dentelle-format-entier-correction-Kevin-1-scaled.jpg 1670w\" sizes=\"(max-width: 668px) 100vw, 668px\" \/><\/figure><\/li><\/ul><\/figure>\n\n\n\n<p><strong>Biographie&nbsp;<\/strong><\/p>\n\n\n\n<p><em>&#8220;Depuis son enfance, Lou Salamon explore avec fascination le monde du vivant. Dessinant insectes et v\u00e9g\u00e9taux, elle en scrute la structure cellulaire et s&#8217;impr\u00e8gne des moindres fr\u00e9missements de la nature qui l&#8217;entoure. Son besoin impulsif de cr\u00e9er fait partie de sa construction intime : son regard sur le monde se traduit par l&#8217;\u00e9laboration de mati\u00e8res textiles et organiques.<\/em><\/p>\n\n\n\n<p><em>Dipl\u00f4m\u00e9e de l&#8217;\u00c9cole Sup\u00e9rieure des Arts Appliqu\u00e9s et du Textile, elle ressent rapidement que l&#8217;appel de la mati\u00e8re et de l&#8217;art l&#8217;emporte sur celui du design. Elle choisit alors la broderie Haute Couture comme moyen d&#8217;expression et se forme \u00e0 la broderie de Lun\u00e9ville.<\/em><\/p>\n\n\n\n<p><em>Apr\u00e8s une exp\u00e9rience de brodeuse d&#8217;art \u00e0 domicile pour l&#8217;entreprise Charvet Place Vend\u00f4me, elle d\u00e9cide de se consacrer pleinement \u00e0 la cr\u00e9ation artistique. La vente d&#8217;une de ses \u0153uvres de grande dimension \u00e0 un collectionneur marque le d\u00e9but de sa carri\u00e8re. Son travail est rapidement remarqu\u00e9 et expos\u00e9, notamment au Mus\u00e9e du Textile de Labastide-Rouairoux, o\u00f9 ses broderies contemporaines r\u00e9sonnent avec l&#8217;h\u00e9ritage des Clarisses de Mazamet. Depuis, ses \u0153uvres voyagent d&#8217;exposition en exposition, dialoguant avec des mat\u00e9riaux tels que le verre, le b\u00e9ton ou la c\u00e9ramique.<\/em><\/p>\n\n\n\n<p><em>Au c\u0153ur de sa recherche artistique r\u00e9side l&#8217;exp\u00e9rimentation des contrastes de mati\u00e8res et la cr\u00e9ation d&#8217;hybrides. La broderie lui permet d&#8217;explorer les limites entre r\u00eave et r\u00e9alit\u00e9, entre fusion et dualit\u00e9 des \u00eatres et des mat\u00e9riaux. Cet art lui offre une immense libert\u00e9 d&#8217;expression, lui permettant d&#8217;interroger ses angoisses et ses traumatismes. Son travail refl\u00e8te ses bouleversements intimes autant que ceux du monde contemporain. Parfois, la broderie devient danse, transe, un effacement de soi dans le geste.<\/em><\/p>\n\n\n\n<p><em>Elle explore les crevasses et les vides de l&#8217;existence, les restituant \u00e0 travers les rythmes et les textures du fil.&#8221;<\/em><\/p>\n\n\n\n<p><em>Catherine Pennec<\/em><br><\/p>\n\n\n\n<figure class=\"wp-block-gallery columns-1 is-cropped\"><ul class=\"blocks-gallery-grid\"><li class=\"blocks-gallery-item\"><figure><img loading=\"lazy\" width=\"1024\" height=\"532\" src=\"https:\/\/lousalamon.fr\/wp-content\/uploads\/2025\/12\/vue-densemble-de-biais-1024x532.jpg\" alt=\"\" data-id=\"1304\" data-full-url=\"https:\/\/lousalamon.fr\/wp-content\/uploads\/2025\/12\/vue-densemble-de-biais-scaled.jpg\" data-link=\"https:\/\/lousalamon.fr\/?attachment_id=1304\" class=\"wp-image-1304\" srcset=\"https:\/\/lousalamon.fr\/wp-content\/uploads\/2025\/12\/vue-densemble-de-biais-1024x532.jpg 1024w, https:\/\/lousalamon.fr\/wp-content\/uploads\/2025\/12\/vue-densemble-de-biais-300x156.jpg 300w, https:\/\/lousalamon.fr\/wp-content\/uploads\/2025\/12\/vue-densemble-de-biais-768x399.jpg 768w, https:\/\/lousalamon.fr\/wp-content\/uploads\/2025\/12\/vue-densemble-de-biais-1536x799.jpg 1536w, https:\/\/lousalamon.fr\/wp-content\/uploads\/2025\/12\/vue-densemble-de-biais-2048x1065.jpg 2048w, https:\/\/lousalamon.fr\/wp-content\/uploads\/2025\/12\/vue-densemble-de-biais-1568x815.jpg 1568w\" sizes=\"(max-width: 1024px) 100vw, 1024px\" \/><\/figure><\/li><\/ul><figcaption class=\"blocks-gallery-caption\">Broches, \u0153uvres d&#8217;art miniatures<\/figcaption><\/figure>\n\n\n\n<figure class=\"wp-block-gallery columns-1 is-cropped\"><ul class=\"blocks-gallery-grid\"><li class=\"blocks-gallery-item\"><figure><img loading=\"lazy\" width=\"1024\" height=\"683\" src=\"https:\/\/lousalamon.fr\/wp-content\/uploads\/2026\/02\/sculpture-entiere-1024x683.jpg\" alt=\"\" data-id=\"1517\" data-full-url=\"https:\/\/lousalamon.fr\/wp-content\/uploads\/2026\/02\/sculpture-entiere-scaled.jpg\" data-link=\"https:\/\/lousalamon.fr\/?attachment_id=1517\" class=\"wp-image-1517\" srcset=\"https:\/\/lousalamon.fr\/wp-content\/uploads\/2026\/02\/sculpture-entiere-1024x683.jpg 1024w, https:\/\/lousalamon.fr\/wp-content\/uploads\/2026\/02\/sculpture-entiere-300x200.jpg 300w, https:\/\/lousalamon.fr\/wp-content\/uploads\/2026\/02\/sculpture-entiere-768x512.jpg 768w, https:\/\/lousalamon.fr\/wp-content\/uploads\/2026\/02\/sculpture-entiere-1536x1024.jpg 1536w, https:\/\/lousalamon.fr\/wp-content\/uploads\/2026\/02\/sculpture-entiere-2048x1365.jpg 2048w, https:\/\/lousalamon.fr\/wp-content\/uploads\/2026\/02\/sculpture-entiere-1568x1045.jpg 1568w\" sizes=\"(max-width: 1024px) 100vw, 1024px\" \/><\/figure><\/li><\/ul><figcaption class=\"blocks-gallery-caption\"><em>Organes aquatiques<\/em>, 66 x 45 cm, 2025<\/figcaption><\/figure>\n\n\n\n<p><strong>Expositions et \u00e9v\u00e8nements les plus marquant<\/strong>s<\/p>\n\n\n\n<p>&#8211; Exposition consacr\u00e9e \u00e0 mes \u0153uvres dessin\u00e9es et brod\u00e9es \u00e0 la Galerie Catherine Pennec, \u00e0 Clermont-Ferrand, du 28 novembre 2025 au 10 janvier 2026.<br><br>&#8211; Avril 2025 \u2013 janvier 2026 : Exposition de l&#8217;une de mes \u0153uvres miniatures au sein de l\u2019exposition du concours international des mini-textiles, au Mus\u00e9e Jean-Lur\u00e7at et de la Tapisserie contemporaine, \u00e0 Angers<br><br>&#8211; Mars 2025 et 2023 : Participation au salon Talents \u00e0 Strasbourg, salon enti\u00e8rement consacr\u00e9 \u00e0 la broderie d&#8217;art.<br><br>&#8211; Novembre \u2013 d\u00e9cembre 2024 : Pr\u00e9sentation de mes \u0153uvres en vitrine, Galerie de l\u2019Atelier, Nancy<br><br>&#8211; Juillet \u2013 ao\u00fbt 2024 : Exposition aux c\u00f4t\u00e9s des verres souffl\u00e9s de Yuki\u00e9 Inaba, Aubusson<br><br>&#8211; Juillet 2024 : Exposition de deux de mes \u0153uvres brod\u00e9es de grand format, Festival du Lin et de la Fibre Artistique, \u00c9glise de Saint Aubin sur Mer, Normandie<br><br>&#8211; Mars \u2013 octobre 2023 : Cr\u00e9ation puis exposition d&#8217;\u0153uvres brod\u00e9es de grand format sur lin translucide et papier en r\u00e9sonance avec les magnifiques broderies des Clarisses de Mazamet, pour l&#8217;exposition \u201cDes liens sacr\u00e9s\u201d, au Mus\u00e9e du Textile de Labastide-Rouairoux<br><br>&#8211; Juillet \u2013 septembre 2022 : Pr\u00e9sentation de mes \u0153uvres de petit format en harmonie avec des tapisseries anciennes et contemporaines, Galerie Jabert, Aubusson<br><br>&#8211; Septembre 2021\u2010 f\u00e9vrier 2022 : Cr\u00e9ation et r\u00e9alisation d&#8217;une \u0153uvre d&#8217;art brod\u00e9e de 4m sur 2m50 pour un collectionneur d&#8217;art \u00e0 partir de mes \u0153uvres dessin\u00e9es, travail sur commande r\u00e9mun\u00e9r\u00e9 pendant six mois<\/p>\n\n\n\n<figure class=\"wp-block-gallery columns-1 is-cropped\"><ul class=\"blocks-gallery-grid\"><li class=\"blocks-gallery-item\"><figure><img loading=\"lazy\" width=\"713\" height=\"1024\" src=\"https:\/\/lousalamon.fr\/wp-content\/uploads\/2026\/02\/Les-racines-du-desespoir-2022-275-x-38-cm-broderie-a-laiguille-sur-papier-et-aquarelle-photo-avec-laide-de-Kevin-Biya-Ebogo-713x1024.jpg\" alt=\"\" data-id=\"1528\" data-full-url=\"https:\/\/lousalamon.fr\/wp-content\/uploads\/2026\/02\/Les-racines-du-desespoir-2022-275-x-38-cm-broderie-a-laiguille-sur-papier-et-aquarelle-photo-avec-laide-de-Kevin-Biya-Ebogo-scaled.jpg\" data-link=\"https:\/\/lousalamon.fr\/?attachment_id=1528\" class=\"wp-image-1528\" srcset=\"https:\/\/lousalamon.fr\/wp-content\/uploads\/2026\/02\/Les-racines-du-desespoir-2022-275-x-38-cm-broderie-a-laiguille-sur-papier-et-aquarelle-photo-avec-laide-de-Kevin-Biya-Ebogo-713x1024.jpg 713w, https:\/\/lousalamon.fr\/wp-content\/uploads\/2026\/02\/Les-racines-du-desespoir-2022-275-x-38-cm-broderie-a-laiguille-sur-papier-et-aquarelle-photo-avec-laide-de-Kevin-Biya-Ebogo-209x300.jpg 209w, https:\/\/lousalamon.fr\/wp-content\/uploads\/2026\/02\/Les-racines-du-desespoir-2022-275-x-38-cm-broderie-a-laiguille-sur-papier-et-aquarelle-photo-avec-laide-de-Kevin-Biya-Ebogo-768x1103.jpg 768w, https:\/\/lousalamon.fr\/wp-content\/uploads\/2026\/02\/Les-racines-du-desespoir-2022-275-x-38-cm-broderie-a-laiguille-sur-papier-et-aquarelle-photo-avec-laide-de-Kevin-Biya-Ebogo-1070x1536.jpg 1070w, https:\/\/lousalamon.fr\/wp-content\/uploads\/2026\/02\/Les-racines-du-desespoir-2022-275-x-38-cm-broderie-a-laiguille-sur-papier-et-aquarelle-photo-avec-laide-de-Kevin-Biya-Ebogo-1426x2048.jpg 1426w, https:\/\/lousalamon.fr\/wp-content\/uploads\/2026\/02\/Les-racines-du-desespoir-2022-275-x-38-cm-broderie-a-laiguille-sur-papier-et-aquarelle-photo-avec-laide-de-Kevin-Biya-Ebogo-1568x2252.jpg 1568w, https:\/\/lousalamon.fr\/wp-content\/uploads\/2026\/02\/Les-racines-du-desespoir-2022-275-x-38-cm-broderie-a-laiguille-sur-papier-et-aquarelle-photo-avec-laide-de-Kevin-Biya-Ebogo-scaled.jpg 1783w\" sizes=\"(max-width: 713px) 100vw, 713px\" \/><\/figure><\/li><\/ul><figcaption class=\"blocks-gallery-caption\"><em>&#8220;Les racines de l&#8217;espoir&#8221;<\/em> (ou <em>&#8220;du d\u00e9sespoir&#8221;<\/em>, en fonction du sens dans lequel est dispos\u00e9 le tableau, selon si les racines se d\u00e9ploient vers le haut ou vers le bas).<br>27,5 x 38 cm, aquarelle et broderie sur papier, 2022<\/figcaption><\/figure>\n\n\n\n<p><strong>Droits d&#8217;auteur<\/strong> : <strong>La reproduction et l&#8217;exploitation des \u0153uvres de l&#8217;artiste Lou Salamon est strictement interdite<\/strong>.  <strong>Droits g\u00e9r\u00e9s par l&#8217;ADAGP. <\/strong><\/p>\n\n\n\n<p><strong>Contact : <\/strong><\/p>\n\n\n\n<p><strong>adresse mail : <\/strong>lou.salamon@hotmail.com<\/p>\n\n\n\n<p><strong>instagram : <\/strong>lou.salamon.artiste<\/p>\n\n\n\n<p><\/p>\n","protected":false},"excerpt":{"rendered":"<p>Artiste, en effet je cr\u00e9e des \u0153uvres d&#8217;art pour des collectionneurs, des mus\u00e9es, des expositions en galeries, et par n\u00e9cessit\u00e9 int\u00e9rieure. Designer textile, parce qu&#8217;\u00e0 partir de mes \u0153uvres, j&#8217;ai la possibilit\u00e9 d&#8217;\u00e9laborer des designs adapt\u00e9s \u00e0 des marques haut de gamme et de Haute Couture : cr\u00e9ation de motifs, mati\u00e8res, bijoux&#8230; Brodeuse, en effet [&hellip;]<\/p>\n","protected":false},"author":1,"featured_media":0,"parent":0,"menu_order":0,"comment_status":"closed","ping_status":"closed","template":"","meta":[],"_links":{"self":[{"href":"https:\/\/lousalamon.fr\/index.php?rest_route=\/wp\/v2\/pages\/330"}],"collection":[{"href":"https:\/\/lousalamon.fr\/index.php?rest_route=\/wp\/v2\/pages"}],"about":[{"href":"https:\/\/lousalamon.fr\/index.php?rest_route=\/wp\/v2\/types\/page"}],"author":[{"embeddable":true,"href":"https:\/\/lousalamon.fr\/index.php?rest_route=\/wp\/v2\/users\/1"}],"replies":[{"embeddable":true,"href":"https:\/\/lousalamon.fr\/index.php?rest_route=%2Fwp%2Fv2%2Fcomments&post=330"}],"version-history":[{"count":67,"href":"https:\/\/lousalamon.fr\/index.php?rest_route=\/wp\/v2\/pages\/330\/revisions"}],"predecessor-version":[{"id":1571,"href":"https:\/\/lousalamon.fr\/index.php?rest_route=\/wp\/v2\/pages\/330\/revisions\/1571"}],"wp:attachment":[{"href":"https:\/\/lousalamon.fr\/index.php?rest_route=%2Fwp%2Fv2%2Fmedia&parent=330"}],"curies":[{"name":"wp","href":"https:\/\/api.w.org\/{rel}","templated":true}]}}