{"id":1121,"date":"2025-05-11T16:16:15","date_gmt":"2025-05-11T14:16:15","guid":{"rendered":"https:\/\/lousalamon.fr\/?page_id=1121"},"modified":"2025-12-16T16:13:35","modified_gmt":"2025-12-16T15:13:35","slug":"concours-international-des-mini-textiles-2025","status":"publish","type":"page","link":"https:\/\/lousalamon.fr\/?page_id=1121","title":{"rendered":"Concours international des mini-textiles 2025"},"content":{"rendered":"\n<p><strong><em>Tisser le futur<\/em>, <em>concours international des mini-textiles<\/em>, du 4 avril 2025 au 4 janvier 2026, au Mus\u00e9e Jean-Lur\u00e7at et de la Tapisserie contemporaine, \u00e0 Angers. <\/strong><\/p>\n\n\n\n<figure class=\"wp-block-gallery columns-1 is-cropped\"><ul class=\"blocks-gallery-grid\"><li class=\"blocks-gallery-item\"><figure><img loading=\"lazy\" width=\"872\" height=\"1024\" src=\"https:\/\/lousalamon.fr\/wp-content\/uploads\/2025\/12\/details-3-cerveau-rotation-872x1024.jpg\" alt=\"\" data-id=\"1457\" data-full-url=\"https:\/\/lousalamon.fr\/wp-content\/uploads\/2025\/12\/details-3-cerveau-rotation-scaled.jpg\" data-link=\"https:\/\/lousalamon.fr\/?attachment_id=1457\" class=\"wp-image-1457\" srcset=\"https:\/\/lousalamon.fr\/wp-content\/uploads\/2025\/12\/details-3-cerveau-rotation-872x1024.jpg 872w, https:\/\/lousalamon.fr\/wp-content\/uploads\/2025\/12\/details-3-cerveau-rotation-256x300.jpg 256w, https:\/\/lousalamon.fr\/wp-content\/uploads\/2025\/12\/details-3-cerveau-rotation-768x902.jpg 768w, https:\/\/lousalamon.fr\/wp-content\/uploads\/2025\/12\/details-3-cerveau-rotation-1308x1536.jpg 1308w, https:\/\/lousalamon.fr\/wp-content\/uploads\/2025\/12\/details-3-cerveau-rotation-1744x2048.jpg 1744w, https:\/\/lousalamon.fr\/wp-content\/uploads\/2025\/12\/details-3-cerveau-rotation-1568x1841.jpg 1568w\" sizes=\"(max-width: 872px) 100vw, 872px\" \/><\/figure><\/li><\/ul><\/figure>\n\n\n\n<figure class=\"wp-block-gallery columns-1 is-cropped\"><ul class=\"blocks-gallery-grid\"><li class=\"blocks-gallery-item\"><figure><img loading=\"lazy\" width=\"1024\" height=\"683\" src=\"https:\/\/lousalamon.fr\/wp-content\/uploads\/2025\/05\/photographie-qualite-maximale-Lou-Salamon-1024x683.jpg\" alt=\"\" data-id=\"1122\" data-full-url=\"https:\/\/lousalamon.fr\/wp-content\/uploads\/2025\/05\/photographie-qualite-maximale-Lou-Salamon-scaled.jpg\" data-link=\"https:\/\/lousalamon.fr\/?attachment_id=1122\" class=\"wp-image-1122\" srcset=\"https:\/\/lousalamon.fr\/wp-content\/uploads\/2025\/05\/photographie-qualite-maximale-Lou-Salamon-1024x683.jpg 1024w, https:\/\/lousalamon.fr\/wp-content\/uploads\/2025\/05\/photographie-qualite-maximale-Lou-Salamon-300x200.jpg 300w, https:\/\/lousalamon.fr\/wp-content\/uploads\/2025\/05\/photographie-qualite-maximale-Lou-Salamon-768x512.jpg 768w, https:\/\/lousalamon.fr\/wp-content\/uploads\/2025\/05\/photographie-qualite-maximale-Lou-Salamon-1536x1024.jpg 1536w, https:\/\/lousalamon.fr\/wp-content\/uploads\/2025\/05\/photographie-qualite-maximale-Lou-Salamon-2048x1365.jpg 2048w, https:\/\/lousalamon.fr\/wp-content\/uploads\/2025\/05\/photographie-qualite-maximale-Lou-Salamon-1568x1045.jpg 1568w\" sizes=\"(max-width: 1024px) 100vw, 1024px\" \/><\/figure><\/li><\/ul><\/figure>\n\n\n\n<figure class=\"wp-block-gallery columns-1 is-cropped\"><ul class=\"blocks-gallery-grid\"><li class=\"blocks-gallery-item\"><figure><img loading=\"lazy\" width=\"1024\" height=\"683\" src=\"https:\/\/lousalamon.fr\/wp-content\/uploads\/2025\/12\/details-3-cerveau-correct-ambiance-1-1024x683.jpg\" alt=\"\" data-id=\"1460\" data-full-url=\"https:\/\/lousalamon.fr\/wp-content\/uploads\/2025\/12\/details-3-cerveau-correct-ambiance-1-scaled.jpg\" data-link=\"https:\/\/lousalamon.fr\/?attachment_id=1460\" class=\"wp-image-1460\" srcset=\"https:\/\/lousalamon.fr\/wp-content\/uploads\/2025\/12\/details-3-cerveau-correct-ambiance-1-1024x683.jpg 1024w, https:\/\/lousalamon.fr\/wp-content\/uploads\/2025\/12\/details-3-cerveau-correct-ambiance-1-300x200.jpg 300w, https:\/\/lousalamon.fr\/wp-content\/uploads\/2025\/12\/details-3-cerveau-correct-ambiance-1-768x512.jpg 768w, https:\/\/lousalamon.fr\/wp-content\/uploads\/2025\/12\/details-3-cerveau-correct-ambiance-1-1536x1024.jpg 1536w, https:\/\/lousalamon.fr\/wp-content\/uploads\/2025\/12\/details-3-cerveau-correct-ambiance-1-2048x1365.jpg 2048w, https:\/\/lousalamon.fr\/wp-content\/uploads\/2025\/12\/details-3-cerveau-correct-ambiance-1-1568x1045.jpg 1568w\" sizes=\"(max-width: 1024px) 100vw, 1024px\" \/><\/figure><\/li><\/ul><figcaption class=\"blocks-gallery-caption\"><em>Cerveau humain devenant animal marin<\/em>, 2024, broderie de Lun\u00e9ville et tissage de perles \u00e0 l&#8217;aiguille, Lou Salamon<\/figcaption><\/figure>\n\n\n\n<p>L&#8217;exposition, en chiffres : 424 candidats, 72 \u0153uvres retenues, 24 nationalit\u00e9s repr\u00e9sent\u00e9es. <\/p>\n\n\n\n<p><\/p>\n\n\n\n<p>&#8220;Une nouvelle \u00e9dition du concours des mini-textiles, guid\u00e9e par le th\u00e8me <em><strong>\u00abTisser le futur\u00bb<\/strong><\/em>, a \u00e9t\u00e9 lanc\u00e9e d&#8217;avril \u00e0 septembre 2024. Chaque artiste devait pr\u00e9senter une \u0153uvre faite \u00e0 partir de fil ou de l\u2019id\u00e9e de fil, dont les dimensions ne doivent pas exc\u00e9der 12 x 12 x 12 cm, en surface ou en volume.&nbsp;<br>L\u2019objectif est de <strong>stimuler la cr\u00e9ation, la recherche et l\u2019innovation dans le domaine des arts textiles contemporains<\/strong>. Ce concours s\u2019adresse \u00e0 tous les artistes majeurs. Le jury, compos\u00e9 d\u2019artistes, de conservateurs de mus\u00e9es et historiens de l\u2019art sp\u00e9cialistes de l\u2019art textile, s&#8217;est r\u00e9uni en octobre dernier pour s\u00e9lectionner les \u0153uvres qui seront pr\u00e9sent\u00e9es au mus\u00e9e Jean-Lur\u00e7at et de la Tapisserie contemporaine \u00e0 partir du 4 avril 2025 lors de l\u2019exposition consacr\u00e9e \u00e0 cette 13e&nbsp;\u00e9dition du concours.&#8221; <\/p>\n\n\n\n<p>&#8220;En compl\u00e9ment, une s\u00e9lection d\u2019\u0153uvres acquises \u00e0 l\u2019issue des pr\u00e9c\u00e9dentes \u00e9ditions seront expos\u00e9es. Elles viennent accro\u00eetre un fonds mus\u00e9al d\u00e9j\u00e0 riche de plus d\u2019une centaine de \u00ab petites \u00bb \u0153uvres.&#8221;<\/p>\n\n\n\n<p>&#8220;Le th\u00e8me de cette \u00e9dition, \u00ab Tisser le futur \u00bb, est une mani\u00e8re de se recentrer autour du geste cr\u00e9ateur. Il invite les artistes \u00e0 consid\u00e9rer cet acte d\u2019une mani\u00e8re m\u00e9taphorique, en imaginant un avenir potentiel, mais aussi sous un angle technique, en proposant des innovations aussi bien mat\u00e9rielles que formelles.&#8221;<em>  <strong>Mus\u00e9es d&#8217;Angers<\/strong> <\/em><\/p>\n\n\n\n<p>Voici un lien vers le site des mus\u00e9es d&#8217;Angers : https:\/\/musees.angers.fr\/expositions\/evenement\/77061-concours-international-des-mini-textiles\/index.html<\/p>\n","protected":false},"excerpt":{"rendered":"<p>Tisser le futur, concours international des mini-textiles, du 4 avril 2025 au 4 janvier 2026, au Mus\u00e9e Jean-Lur\u00e7at et de la Tapisserie contemporaine, \u00e0 Angers. L&#8217;exposition, en chiffres : 424 candidats, 72 \u0153uvres retenues, 24 nationalit\u00e9s repr\u00e9sent\u00e9es. &#8220;Une nouvelle \u00e9dition du concours des mini-textiles, guid\u00e9e par le th\u00e8me \u00abTisser le futur\u00bb, a \u00e9t\u00e9 lanc\u00e9e d&#8217;avril [&hellip;]<\/p>\n","protected":false},"author":1,"featured_media":0,"parent":0,"menu_order":0,"comment_status":"closed","ping_status":"closed","template":"","meta":[],"_links":{"self":[{"href":"https:\/\/lousalamon.fr\/index.php?rest_route=\/wp\/v2\/pages\/1121"}],"collection":[{"href":"https:\/\/lousalamon.fr\/index.php?rest_route=\/wp\/v2\/pages"}],"about":[{"href":"https:\/\/lousalamon.fr\/index.php?rest_route=\/wp\/v2\/types\/page"}],"author":[{"embeddable":true,"href":"https:\/\/lousalamon.fr\/index.php?rest_route=\/wp\/v2\/users\/1"}],"replies":[{"embeddable":true,"href":"https:\/\/lousalamon.fr\/index.php?rest_route=%2Fwp%2Fv2%2Fcomments&post=1121"}],"version-history":[{"count":10,"href":"https:\/\/lousalamon.fr\/index.php?rest_route=\/wp\/v2\/pages\/1121\/revisions"}],"predecessor-version":[{"id":1464,"href":"https:\/\/lousalamon.fr\/index.php?rest_route=\/wp\/v2\/pages\/1121\/revisions\/1464"}],"wp:attachment":[{"href":"https:\/\/lousalamon.fr\/index.php?rest_route=%2Fwp%2Fv2%2Fmedia&parent=1121"}],"curies":[{"name":"wp","href":"https:\/\/api.w.org\/{rel}","templated":true}]}}